{"id":39,"date":"2017-09-26T10:54:46","date_gmt":"2017-09-26T10:54:46","guid":{"rendered":"http:\/\/lions.voigt-und-partner.de\/?page_id=39"},"modified":"2026-01-02T18:55:26","modified_gmt":"2026-01-02T18:55:26","slug":"impressum","status":"publish","type":"page","link":"http:\/\/www.lions-eisenberg.de\/?page_id=39","title":{"rendered":"IMPRESSUM"},"content":{"rendered":"<h4>Angaben gem\u00e4\u00df \u00a7 5 TMG:<\/h4>\n<p>Lions Club Eisenberg<br \/>\nDetlef Dehne<br \/>\nGartenstra\u00dfe 38<br \/>\n07607 Eisenberg<\/p>\n<h4>Vertreten durch:<\/h4>\n<p>Klaus Sander [ Pr\u00e4sident ]<\/p>\n<p><strong>Anschrift:<\/strong><br \/>\nF\u00f6rderverein Lions Club Eisenberg e. V.<br \/>\nHelmut Pommer<br \/>\nNaumburger Stra\u00dfe 30<br \/>\n07619 Schk\u00f6len<br \/>\nTel. 0163 &#8211; 8702904<\/p>\n<p><strong>Clublokal:<\/strong><br \/>\nGasthof &#8222;Zum Mohren&#8220;, Rossplatz 18, 07607 Eisenberg<\/p>\n<h4>Kontakt:<\/h4>\n<p>E-Mail: info@lions-eisenberg.de<\/p>\n<p><strong>Der Lions Club ist Mitglied der Welt gr\u00f6\u00dfter Club-Hilfsdienstorganisation. Er wird vertreten durch den Pr\u00e4sidenten 2021 \/ 2022 Martin J\u00e4ckle.<\/strong><\/p>\n<h4>Verantwortlich f\u00fcr den Inhalt nach \u00a7 55 Abs. 2 RStV:<\/h4>\n<p>Voigt &amp; Partner Werbeprojekt GmbH<br \/>\nMeuselwitzer Stra\u00dfe 114<br \/>\n07546 Gera<\/p>\n<p><a href=\"http:\/\/www.voigt-und-partner.de\/\"><strong>www.voigt-und-partner.de<\/strong><\/a><\/p>\n<p>Wir sind nicht bereit oder verpflichtet, an Streitbeilegungsverfahren vor einer Verbraucherschlichtungsstelle teilzunehmen.<\/p>\n<h4>Haftung f\u00fcr Inhalte<\/h4>\n<p>Als Diensteanbieter sind wir gem\u00e4\u00df \u00a7 7 Abs.1 TMG f\u00fcr eigene Inhalte auf diesen Seiten nach den allgemeinen Gesetzen verantwortlich. Nach \u00a7\u00a7 8 bis 10 TMG sind wir als Diensteanbieter jedoch nicht verpflichtet, \u00fcbermittelte oder gespeicherte fremde Informationen zu \u00fcberwachen oder nach Umst\u00e4nden zu forschen, die auf eine rechtswidrige T\u00e4tigkeit hinweisen.<br \/>\nVerpflichtungen zur Entfernung oder Sperrung der Nutzung von Informationen nach den allgemeinen Gesetzen bleiben hiervon unber\u00fchrt. Eine diesbez\u00fcgliche Haftung ist jedoch erst ab dem Zeitpunkt der Kenntnis einer konkreten Rechtsverletzung m\u00f6glich. Bei Bekanntwerden von entsprechenden Rechtsverletzungen werden wir diese Inhalte umgehend entfernen.<\/p>\n<h4>Haftung f\u00fcr Links<\/h4>\n<p>Unser Angebot enth\u00e4lt Links zu externen Webseiten Dritter, auf deren Inhalte wir keinen Einfluss haben.<br \/>\nDeshalb k\u00f6nnen wir f\u00fcr diese fremden Inhalte auch keine Gew\u00e4hr \u00fcbernehmen. F\u00fcr die Inhalte der verlinkten Seiten ist stets der jeweilige Anbieter oder Betreiber der Seiten verantwortlich. Die verlinkten Seiten wurden zum Zeitpunkt der Verlinkung auf m\u00f6gliche Rechtsverst\u00f6\u00dfe \u00fcberpr\u00fcft. Rechtswidrige Inhalte waren zum Zeitpunkt der Verlinkung nicht erkennbar.<br \/>\nEine permanente inhaltliche Kontrolle der verlinkten Seiten ist jedoch ohne konkrete Anhaltspunkte einer Rechtsverletzung nicht zumutbar. Bei Bekanntwerden von Rechtsverletzungen werden wir derartige Links umgehend entfernen.<br \/>\nUrheberrecht Die durch die Seitenbetreiber erstellten Inhalte und Werke auf diesen Seiten unterliegen dem deutschen Urheberrecht. Die Vervielf\u00e4ltigung, Bearbeitung, Verbreitung und jede Art der Verwertung au\u00dferhalb der Grenzen des Urheberrechtes bed\u00fcrfen der schriftlichen Zustimmung des jeweiligen Autors bzw. Erstellers. Downloads und Kopien dieser Seite sind nur f\u00fcr den privaten, nicht kommerziellen Gebrauch gestattet.<br \/>\nSoweit die Inhalte auf dieser Seite nicht vom Betreiber erstellt wurden, werden die Urheberrechte Dritter beachtet. Insbesondere werden Inhalte Dritter als solche gekennzeichnet. Sollten Sie trotzdem auf eine Urheberrechtsverletzung aufmerksam werden, bitten wir um einen entsprechenden Hinweis. Bei Bekanntwerden von Rechtsverletzungen werden wir derartige Inhalte umgehend entfernen.<\/p>\n<p><em>Quelle: <a href=\"https:\/\/www.erecht24. de\">eRecht24<\/a><\/em><\/p>\n","protected":false},"excerpt":{"rendered":"<p>Angaben gem\u00e4\u00df \u00a7 5 TMG: Lions Club Eisenberg Detlef Dehne Gartenstra\u00dfe 38 07607 Eisenberg Vertreten durch: Klaus Sander [ Pr\u00e4sident ] Anschrift: F\u00f6rderverein Lions Club Eisenberg e. V. Helmut Pommer Naumburger Stra\u00dfe 30 07619 Schk\u00f6len Tel. 0163 &#8211; 8702904 Clublokal: Gasthof &#8222;Zum Mohren&#8220;, Rossplatz 18, 07607 Eisenberg Kontakt: E-Mail: info@lions-eisenberg.de Der Lions Club ist Mitglied &hellip; <a href=\"http:\/\/www.lions-eisenberg.de\/?page_id=39\" class=\"more-link\"><span class=\"screen-reader-text\">IMPRESSUM<\/span> weiterlesen <span class=\"meta-nav\">&rarr;<\/span><\/a><\/p>\n","protected":false},"author":1,"featured_media":0,"parent":0,"menu_order":0,"comment_status":"closed","ping_status":"closed","template":"","meta":{"footnotes":""},"class_list":["post-39","page","type-page","status-publish","hentry"],"_links":{"self":[{"href":"http:\/\/www.lions-eisenberg.de\/index.php?rest_route=\/wp\/v2\/pages\/39","targetHints":{"allow":["GET"]}}],"collection":[{"href":"http:\/\/www.lions-eisenberg.de\/index.php?rest_route=\/wp\/v2\/pages"}],"about":[{"href":"http:\/\/www.lions-eisenberg.de\/index.php?rest_route=\/wp\/v2\/types\/page"}],"author":[{"embeddable":true,"href":"http:\/\/www.lions-eisenberg.de\/index.php?rest_route=\/wp\/v2\/users\/1"}],"replies":[{"embeddable":true,"href":"http:\/\/www.lions-eisenberg.de\/index.php?rest_route=%2Fwp%2Fv2%2Fcomments&post=39"}],"version-history":[{"count":14,"href":"http:\/\/www.lions-eisenberg.de\/index.php?rest_route=\/wp\/v2\/pages\/39\/revisions"}],"predecessor-version":[{"id":552,"href":"http:\/\/www.lions-eisenberg.de\/index.php?rest_route=\/wp\/v2\/pages\/39\/revisions\/552"}],"wp:attachment":[{"href":"http:\/\/www.lions-eisenberg.de\/index.php?rest_route=%2Fwp%2Fv2%2Fmedia&parent=39"}],"curies":[{"name":"wp","href":"https:\/\/api.w.org\/{rel}","templated":true}]}}