{"id":46,"date":"2017-09-26T11:09:22","date_gmt":"2017-09-26T11:09:22","guid":{"rendered":"http:\/\/lions.voigt-und-partner.de\/?page_id=46"},"modified":"2023-09-01T14:07:15","modified_gmt":"2023-09-01T14:07:15","slug":"benefizmehrkampf","status":"publish","type":"page","link":"http:\/\/www.lions-eisenberg.de\/?page_id=46","title":{"rendered":""},"content":{"rendered":"<h4>Liebe Sportinteressierte,<\/h4>\n<p>aktuell gibt es noch keinen neuen Termin f\u00fcr unseren Benefizmehrkampf. Wir w\u00fcrden uns \u00fcber Euer Interesse und Anregungen zur Fortf\u00fchrung sehr freuen.<br \/>\nNehmt mit uns Kontakt auf unter <a href=\"mailto:info@lions-eisenberg.de\">info@lions-eisenberg.de<\/a><\/p>\n<p><a href=\"http:\/\/lions.voigt-und-partner.de\/wp-content\/uploads\/2020\/07\/Flyer_Benefizmehrkampf1.jpg\" target=\"_blank\" rel=\"noopener\"><img loading=\"lazy\" decoding=\"async\" class=\"alignnone wp-image-451 size-large\" src=\"http:\/\/lions.voigt-und-partner.de\/wp-content\/uploads\/2020\/07\/Flyer_Benefizmehrkampf1-1024x724.jpg\" alt=\"\" width=\"604\" height=\"427\" srcset=\"http:\/\/www.lions-eisenberg.de\/wp-content\/uploads\/2020\/07\/Flyer_Benefizmehrkampf1-1024x724.jpg 1024w, http:\/\/www.lions-eisenberg.de\/wp-content\/uploads\/2020\/07\/Flyer_Benefizmehrkampf1-300x212.jpg 300w, http:\/\/www.lions-eisenberg.de\/wp-content\/uploads\/2020\/07\/Flyer_Benefizmehrkampf1-768x543.jpg 768w, http:\/\/www.lions-eisenberg.de\/wp-content\/uploads\/2020\/07\/Flyer_Benefizmehrkampf1.jpg 2000w\" sizes=\"auto, (max-width: 604px) 100vw, 604px\" \/><\/a><\/p>\n<h6><span style=\"color: #3366ff;\">\u2026 eine Erfolgsgeschichte geht weiter !<\/span><\/h6>\n<p>1996 gr\u00fcndete sich der Lionsclub unter dem Motto: <b>\u201eWe serve \u2013 helft uns helfen\u201c.<\/b><\/p>\n<p>Wir f\u00f6rdern die Zusammenarbeit mit Unternehmen in unserem Clubgebiet. Wir bieten mit unserem Event Unternehmen und dessen Mitarbeitern im Lebensumfeld M\u00f6glichkeiten zu sportlichen Aktivit\u00e4ten, schaffen erlebbares Sponsoring, machen Helfen erlebbar.<\/p>\n<p>Wir setzen auf eine \u201eMarktl\u00fccke\u201c in unserer Region, wo sportliche Aktivit\u00e4ten in Vereinen verbreitet sind, jedoch nicht in Teams ihres Unternehmens. Positive Resonanz erfuhren wir im letzten Jahr, die Initiative f\u00fcr den Betriebssport mit dem Helfen f\u00fcr einen guten Zweck verbinden zu wollen.<\/p>\n<p>Der Wettbewerb wird in 5 typischen Schulsportdisziplinen ausgetragen und mit sportlichem Ehrgeiz erlebbar gemacht.<\/p>\n<h5 style=\"text-align: center;\">2. Benefizmehrkampf<\/h5>\n<p>In diesem Jahr nahmen 140 Akteure in 16 Mannschaften teil. Unterst\u00fctzt wurde der Wettkampf wieder vom SV Blau-Wei\u00df B\u00fcrgel und dessen Abteilungsleiter, Uwe Geisenhainer.<\/p>\n<p><strong>Teilnehmer:<\/strong><br \/>\nWaldkliniken Eisenberg, Stadtwerke Eisenberg, Zweckverband Eisenberg, Landratsamt SHK, Freiwillige Feuerwehr Eisenberg, Siegert TFT Hermsdorf, Silbitz Group, Fitness-Club Elan, Chemiewerk Bad K\u00f6stritz, Stadt Eisenberg, Stadt B\u00fcrgel<\/p>\n<p>Die Siegerteams erhielten Wanderpokale und attraktive Preise vom FitnessClub \u201eELAN\u201c.<\/p>\n<p>2 Kindertanzgruppen \u201eDancingKids ELAN\u201c stimmten zur nachfolgenden Siegerehrung stimmungsvoll ein.<\/p>\n<h5><span style=\"color: #3366ff;\"><strong>Startgelder gehen ans &#8222;Tierheim Eisenberg&#8220; &#8211; f\u00fcr den guten Zweck<\/strong><\/span><\/h5>\n<p><strong>Dank an alle Teams und die Bereitstellung der Startgelder.<\/strong><\/p>\n<p><a href=\"http:\/\/lions.voigt-und-partner.de\/wp-content\/uploads\/2019\/09\/So-sehen-Sieger-aus.jpg\"><img loading=\"lazy\" decoding=\"async\" class=\"alignnone wp-image-403 size-large\" src=\"http:\/\/lions.voigt-und-partner.de\/wp-content\/uploads\/2019\/09\/So-sehen-Sieger-aus-1024x447.jpg\" alt=\"\" width=\"604\" height=\"264\" srcset=\"http:\/\/www.lions-eisenberg.de\/wp-content\/uploads\/2019\/09\/So-sehen-Sieger-aus-1024x447.jpg 1024w, http:\/\/www.lions-eisenberg.de\/wp-content\/uploads\/2019\/09\/So-sehen-Sieger-aus-300x131.jpg 300w, http:\/\/www.lions-eisenberg.de\/wp-content\/uploads\/2019\/09\/So-sehen-Sieger-aus-768x336.jpg 768w, http:\/\/www.lions-eisenberg.de\/wp-content\/uploads\/2019\/09\/So-sehen-Sieger-aus.jpg 1920w\" sizes=\"auto, (max-width: 604px) 100vw, 604px\" \/><\/a><\/p>\n<p><strong>\u00a0<\/strong><\/p>\n<div id='gallery-1' class='gallery galleryid-46 gallery-columns-2 gallery-size-large'><figure class='gallery-item'>\n\t\t\t<div class='gallery-icon landscape'>\n\t\t\t\t<a href='http:\/\/www.lions-eisenberg.de\/wp-content\/uploads\/2019\/09\/2019_benefiz17.jpg'><img loading=\"lazy\" decoding=\"async\" width=\"604\" height=\"403\" src=\"http:\/\/www.lions-eisenberg.de\/wp-content\/uploads\/2019\/09\/2019_benefiz17-1024x683.jpg\" class=\"attachment-large size-large\" alt=\"\" aria-describedby=\"gallery-1-394\" srcset=\"http:\/\/www.lions-eisenberg.de\/wp-content\/uploads\/2019\/09\/2019_benefiz17-1024x683.jpg 1024w, http:\/\/www.lions-eisenberg.de\/wp-content\/uploads\/2019\/09\/2019_benefiz17-300x200.jpg 300w, http:\/\/www.lions-eisenberg.de\/wp-content\/uploads\/2019\/09\/2019_benefiz17-768x512.jpg 768w, http:\/\/www.lions-eisenberg.de\/wp-content\/uploads\/2019\/09\/2019_benefiz17.jpg 1920w\" sizes=\"auto, (max-width: 604px) 100vw, 604px\" \/><\/a>\n\t\t\t<\/div>\n\t\t\t\t<figcaption class='wp-caption-text gallery-caption' id='gallery-1-394'>\n\t\t\t\tSiegerehrung &#8222;Frauenstaffel&#8220;\n\t\t\t\t<\/figcaption><\/figure><figure class='gallery-item'>\n\t\t\t<div class='gallery-icon landscape'>\n\t\t\t\t<a href='http:\/\/www.lions-eisenberg.de\/wp-content\/uploads\/2019\/09\/2019_benefiz14.jpg'><img loading=\"lazy\" decoding=\"async\" width=\"604\" height=\"403\" src=\"http:\/\/www.lions-eisenberg.de\/wp-content\/uploads\/2019\/09\/2019_benefiz14-1024x683.jpg\" class=\"attachment-large size-large\" alt=\"\" aria-describedby=\"gallery-1-391\" srcset=\"http:\/\/www.lions-eisenberg.de\/wp-content\/uploads\/2019\/09\/2019_benefiz14-1024x683.jpg 1024w, http:\/\/www.lions-eisenberg.de\/wp-content\/uploads\/2019\/09\/2019_benefiz14-300x200.jpg 300w, http:\/\/www.lions-eisenberg.de\/wp-content\/uploads\/2019\/09\/2019_benefiz14-768x512.jpg 768w, http:\/\/www.lions-eisenberg.de\/wp-content\/uploads\/2019\/09\/2019_benefiz14.jpg 1920w\" sizes=\"auto, (max-width: 604px) 100vw, 604px\" \/><\/a>\n\t\t\t<\/div>\n\t\t\t\t<figcaption class='wp-caption-text gallery-caption' id='gallery-1-391'>\n\t\t\t\tSiegerehrung &#8222;Teamstaffel&#8220;\n\t\t\t\t<\/figcaption><\/figure>\n\t\t<\/div>\n\n<h4>Ergebnisse 2019<\/h4>\n<table>\n<tbody>\n<tr>\n<td><a href=\"http:\/\/lions.voigt-und-partner.de\/wp-content\/uploads\/2019\/09\/2019_Auswertung_Staffel.pdf\"><strong>Ergebnisliste Staffel<\/strong><\/a><\/td>\n<td><a href=\"http:\/\/lions.voigt-und-partner.de\/wp-content\/uploads\/2019\/09\/2019_Auswertung_Mehrkampf.pdf\"><strong>Ergebnisliste\u00a0 Mehrkampf<\/strong><\/a><\/td>\n<td><a href=\"http:\/\/lions.voigt-und-partner.de\/wp-content\/uploads\/2019\/09\/2019_Wettkampfprotokoll.pdf\"><strong>Ergebnisliste Gesamt<\/strong><\/a><\/td>\n<\/tr>\n<\/tbody>\n<\/table>\n<h4>Ergebnisse 2018<\/h4>\n<table>\n<tbody>\n<tr>\n<td><a href=\"http:\/\/lions.voigt-und-partner.de\/wp-content\/uploads\/2018\/08\/100m.pdf\"><strong>Ergebnisliste 100 m<\/strong><\/a><\/td>\n<td><strong><a href=\"http:\/\/lions.voigt-und-partner.de\/wp-content\/uploads\/2018\/08\/800m.pdf\">Ergebnisliste 800 m<\/a><br \/>\n<\/strong><\/td>\n<td><a href=\"http:\/\/lions.voigt-und-partner.de\/wp-content\/uploads\/2018\/08\/Weitsprung.pdf\">\u00a0<strong>Ergebnisliste Weitsprung<\/strong><\/a><\/td>\n<\/tr>\n<\/tbody>\n<\/table>\n<table>\n<tbody>\n<tr>\n<td><a href=\"http:\/\/lions.voigt-und-partner.de\/wp-content\/uploads\/2018\/08\/Kugelstossen.pdf\"><strong>Ergebnisliste Kugelsto\u00dfen<\/strong><\/a><\/td>\n<td><a href=\"http:\/\/lions.voigt-und-partner.de\/wp-content\/uploads\/2018\/08\/4x100m.pdf\"><strong>Ergebnisliste 4 x 100 m<\/strong><\/a><\/td>\n<td><a href=\"http:\/\/lions.voigt-und-partner.de\/wp-content\/uploads\/2018\/08\/Mehrkampf.pdf\"><strong>Ergebnisliste Gesamt<\/strong><\/a><\/td>\n<\/tr>\n<\/tbody>\n<\/table>\n<h4>Aktuelle Pressebeitr\u00e4ge<\/h4>\n<ul>\n<li><a href=\"http:\/\/lions.voigt-und-partner.de\/wp-content\/uploads\/2019\/09\/2019_Presse_Benefizmehrkampf.pdf\" target=\"_blank\" rel=\"noopener\">Die richtige Technik f\u00fchrt zum Sieg<\/a><\/li>\n<li><a href=\"https:\/\/www.otz.de\/regionen\/eisenberg\/zweiter-benefizmehrkampf-vom-lions-club-eisenberg-id226790861.html\">Zweiter Benefizmehrkampf vom Lions-Club Eisenberg<\/a><\/li>\n<li><a href=\"https:\/\/www.otz.de\/regionen\/eisenberg\/lions-laden-zum-benefizmehrkampf-nur-noch-zwei-plaetze-frei-id226896091.html\">Lions laden zum Benefizmehrkampf: Nur noch zwei Pl\u00e4tze frei<\/a><\/li>\n<\/ul>\n<h4>Bildergalerien:<\/h4>\n<h5><em>Bildergalerie 2019<\/em><\/h5>\n<div id='gallery-2' class='gallery galleryid-46 gallery-columns-4 gallery-size-thumbnail'><figure class='gallery-item'>\n\t\t\t<div class='gallery-icon landscape'>\n\t\t\t\t<a href='http:\/\/www.lions-eisenberg.de\/?attachment_id=378'><img loading=\"lazy\" decoding=\"async\" width=\"150\" height=\"150\" src=\"http:\/\/www.lions-eisenberg.de\/wp-content\/uploads\/2019\/09\/2019_benefiz01-150x150.jpg\" class=\"attachment-thumbnail size-thumbnail\" alt=\"\" \/><\/a>\n\t\t\t<\/div><\/figure><figure class='gallery-item'>\n\t\t\t<div class='gallery-icon landscape'>\n\t\t\t\t<a href='http:\/\/www.lions-eisenberg.de\/?attachment_id=379'><img loading=\"lazy\" decoding=\"async\" width=\"150\" height=\"150\" src=\"http:\/\/www.lions-eisenberg.de\/wp-content\/uploads\/2019\/09\/2019_benefiz02-150x150.jpg\" class=\"attachment-thumbnail size-thumbnail\" alt=\"\" \/><\/a>\n\t\t\t<\/div><\/figure><figure class='gallery-item'>\n\t\t\t<div class='gallery-icon landscape'>\n\t\t\t\t<a href='http:\/\/www.lions-eisenberg.de\/?attachment_id=380'><img loading=\"lazy\" decoding=\"async\" width=\"150\" height=\"150\" src=\"http:\/\/www.lions-eisenberg.de\/wp-content\/uploads\/2019\/09\/2019_benefiz03-150x150.jpg\" class=\"attachment-thumbnail size-thumbnail\" alt=\"\" \/><\/a>\n\t\t\t<\/div><\/figure><figure class='gallery-item'>\n\t\t\t<div class='gallery-icon landscape'>\n\t\t\t\t<a href='http:\/\/www.lions-eisenberg.de\/?attachment_id=381'><img loading=\"lazy\" decoding=\"async\" width=\"150\" height=\"150\" src=\"http:\/\/www.lions-eisenberg.de\/wp-content\/uploads\/2019\/09\/2019_benefiz04-150x150.jpg\" class=\"attachment-thumbnail size-thumbnail\" alt=\"\" \/><\/a>\n\t\t\t<\/div><\/figure><figure class='gallery-item'>\n\t\t\t<div class='gallery-icon landscape'>\n\t\t\t\t<a href='http:\/\/www.lions-eisenberg.de\/?attachment_id=382'><img loading=\"lazy\" decoding=\"async\" width=\"150\" height=\"150\" src=\"http:\/\/www.lions-eisenberg.de\/wp-content\/uploads\/2019\/09\/2019_benefiz05-150x150.jpg\" class=\"attachment-thumbnail size-thumbnail\" alt=\"\" \/><\/a>\n\t\t\t<\/div><\/figure><figure class='gallery-item'>\n\t\t\t<div class='gallery-icon landscape'>\n\t\t\t\t<a href='http:\/\/www.lions-eisenberg.de\/?attachment_id=383'><img loading=\"lazy\" decoding=\"async\" width=\"150\" height=\"150\" src=\"http:\/\/www.lions-eisenberg.de\/wp-content\/uploads\/2019\/09\/2019_benefiz06-150x150.jpg\" class=\"attachment-thumbnail size-thumbnail\" alt=\"\" \/><\/a>\n\t\t\t<\/div><\/figure><figure class='gallery-item'>\n\t\t\t<div class='gallery-icon landscape'>\n\t\t\t\t<a href='http:\/\/www.lions-eisenberg.de\/?attachment_id=384'><img loading=\"lazy\" decoding=\"async\" width=\"150\" height=\"150\" src=\"http:\/\/www.lions-eisenberg.de\/wp-content\/uploads\/2019\/09\/2019_benefiz07-150x150.jpg\" class=\"attachment-thumbnail size-thumbnail\" alt=\"\" \/><\/a>\n\t\t\t<\/div><\/figure><figure class='gallery-item'>\n\t\t\t<div class='gallery-icon landscape'>\n\t\t\t\t<a href='http:\/\/www.lions-eisenberg.de\/?attachment_id=385'><img loading=\"lazy\" decoding=\"async\" width=\"150\" height=\"150\" src=\"http:\/\/www.lions-eisenberg.de\/wp-content\/uploads\/2019\/09\/2019_benefiz08-150x150.jpg\" class=\"attachment-thumbnail size-thumbnail\" alt=\"\" \/><\/a>\n\t\t\t<\/div><\/figure><figure class='gallery-item'>\n\t\t\t<div class='gallery-icon landscape'>\n\t\t\t\t<a href='http:\/\/www.lions-eisenberg.de\/?attachment_id=386'><img loading=\"lazy\" decoding=\"async\" width=\"150\" height=\"150\" src=\"http:\/\/www.lions-eisenberg.de\/wp-content\/uploads\/2019\/09\/2019_benefiz09-150x150.jpg\" class=\"attachment-thumbnail size-thumbnail\" alt=\"\" \/><\/a>\n\t\t\t<\/div><\/figure><figure class='gallery-item'>\n\t\t\t<div class='gallery-icon landscape'>\n\t\t\t\t<a href='http:\/\/www.lions-eisenberg.de\/?attachment_id=387'><img loading=\"lazy\" decoding=\"async\" width=\"150\" height=\"150\" src=\"http:\/\/www.lions-eisenberg.de\/wp-content\/uploads\/2019\/09\/2019_benefiz10-150x150.jpg\" class=\"attachment-thumbnail size-thumbnail\" alt=\"\" \/><\/a>\n\t\t\t<\/div><\/figure><figure class='gallery-item'>\n\t\t\t<div class='gallery-icon landscape'>\n\t\t\t\t<a href='http:\/\/www.lions-eisenberg.de\/?attachment_id=388'><img loading=\"lazy\" decoding=\"async\" width=\"150\" height=\"150\" src=\"http:\/\/www.lions-eisenberg.de\/wp-content\/uploads\/2019\/09\/2019_benefiz11-150x150.jpg\" class=\"attachment-thumbnail size-thumbnail\" alt=\"\" \/><\/a>\n\t\t\t<\/div><\/figure><figure class='gallery-item'>\n\t\t\t<div class='gallery-icon landscape'>\n\t\t\t\t<a href='http:\/\/www.lions-eisenberg.de\/?attachment_id=389'><img loading=\"lazy\" decoding=\"async\" width=\"150\" height=\"150\" src=\"http:\/\/www.lions-eisenberg.de\/wp-content\/uploads\/2019\/09\/2019_benefiz12-150x150.jpg\" class=\"attachment-thumbnail size-thumbnail\" alt=\"\" \/><\/a>\n\t\t\t<\/div><\/figure><figure class='gallery-item'>\n\t\t\t<div class='gallery-icon landscape'>\n\t\t\t\t<a href='http:\/\/www.lions-eisenberg.de\/?attachment_id=390'><img loading=\"lazy\" decoding=\"async\" width=\"150\" height=\"150\" src=\"http:\/\/www.lions-eisenberg.de\/wp-content\/uploads\/2019\/09\/2019_benefiz13-150x150.jpg\" class=\"attachment-thumbnail size-thumbnail\" alt=\"\" \/><\/a>\n\t\t\t<\/div><\/figure><figure class='gallery-item'>\n\t\t\t<div class='gallery-icon landscape'>\n\t\t\t\t<a href='http:\/\/www.lions-eisenberg.de\/?attachment_id=391'><img loading=\"lazy\" decoding=\"async\" width=\"150\" height=\"150\" src=\"http:\/\/www.lions-eisenberg.de\/wp-content\/uploads\/2019\/09\/2019_benefiz14-150x150.jpg\" class=\"attachment-thumbnail size-thumbnail\" alt=\"\" aria-describedby=\"gallery-2-391\" \/><\/a>\n\t\t\t<\/div>\n\t\t\t\t<figcaption class='wp-caption-text gallery-caption' id='gallery-2-391'>\n\t\t\t\tSiegerehrung &#8222;Teamstaffel&#8220;\n\t\t\t\t<\/figcaption><\/figure><figure class='gallery-item'>\n\t\t\t<div class='gallery-icon landscape'>\n\t\t\t\t<a href='http:\/\/www.lions-eisenberg.de\/?attachment_id=392'><img loading=\"lazy\" decoding=\"async\" width=\"150\" height=\"150\" src=\"http:\/\/www.lions-eisenberg.de\/wp-content\/uploads\/2019\/09\/2019_benefiz15-150x150.jpg\" class=\"attachment-thumbnail size-thumbnail\" alt=\"\" \/><\/a>\n\t\t\t<\/div><\/figure><figure class='gallery-item'>\n\t\t\t<div class='gallery-icon landscape'>\n\t\t\t\t<a href='http:\/\/www.lions-eisenberg.de\/?attachment_id=393'><img loading=\"lazy\" decoding=\"async\" width=\"150\" height=\"150\" src=\"http:\/\/www.lions-eisenberg.de\/wp-content\/uploads\/2019\/09\/2019_benefiz16-150x150.jpg\" class=\"attachment-thumbnail size-thumbnail\" alt=\"\" \/><\/a>\n\t\t\t<\/div><\/figure><figure class='gallery-item'>\n\t\t\t<div class='gallery-icon landscape'>\n\t\t\t\t<a href='http:\/\/www.lions-eisenberg.de\/?attachment_id=394'><img loading=\"lazy\" decoding=\"async\" width=\"150\" height=\"150\" src=\"http:\/\/www.lions-eisenberg.de\/wp-content\/uploads\/2019\/09\/2019_benefiz17-150x150.jpg\" class=\"attachment-thumbnail size-thumbnail\" alt=\"\" aria-describedby=\"gallery-2-394\" \/><\/a>\n\t\t\t<\/div>\n\t\t\t\t<figcaption class='wp-caption-text gallery-caption' id='gallery-2-394'>\n\t\t\t\tSiegerehrung &#8222;Frauenstaffel&#8220;\n\t\t\t\t<\/figcaption><\/figure>\n\t\t<\/div>\n\n<blockquote>\n<h5><a href=\"https:\/\/my.hidrive.com\/share\/i4qjfr1li7\" target=\"_blank\" rel=\"noopener\">&gt; zur Bildergalerie 2018<\/a><\/h5>\n<\/blockquote>\n<h4>Kontakt:<\/h4>\n\n<div class=\"wpcf7 no-js\" id=\"wpcf7-f223-o1\" lang=\"de-DE\" dir=\"ltr\" data-wpcf7-id=\"223\">\n<div class=\"screen-reader-response\"><p role=\"status\" aria-live=\"polite\" aria-atomic=\"true\"><\/p> <ul><\/ul><\/div>\n<form action=\"\/index.php?rest_route=%2Fwp%2Fv2%2Fpages%2F46#wpcf7-f223-o1\" method=\"post\" class=\"wpcf7-form init\" aria-label=\"Kontaktformular\" novalidate=\"novalidate\" data-status=\"init\">\n<fieldset class=\"hidden-fields-container\"><input type=\"hidden\" name=\"_wpcf7\" value=\"223\" \/><input type=\"hidden\" name=\"_wpcf7_version\" value=\"6.1.4\" \/><input type=\"hidden\" name=\"_wpcf7_locale\" value=\"de_DE\" \/><input type=\"hidden\" name=\"_wpcf7_unit_tag\" value=\"wpcf7-f223-o1\" \/><input type=\"hidden\" name=\"_wpcf7_container_post\" value=\"0\" \/><input type=\"hidden\" name=\"_wpcf7_posted_data_hash\" value=\"\" \/>\n<\/fieldset>\n<p><label> Firma (Pflichtfeld)<br \/>\n<span class=\"wpcf7-form-control-wrap\" data-name=\"your-name\"><input size=\"40\" maxlength=\"400\" class=\"wpcf7-form-control wpcf7-text wpcf7-validates-as-required\" aria-required=\"true\" aria-invalid=\"false\" value=\"\" type=\"text\" name=\"your-name\" \/><\/span> <\/label>\n<\/p>\n<p><label> Ihre E-Mail-Adresse (Pflichtfeld)<br \/>\n<span class=\"wpcf7-form-control-wrap\" data-name=\"your-email\"><input size=\"40\" maxlength=\"400\" class=\"wpcf7-form-control wpcf7-email wpcf7-validates-as-required wpcf7-text wpcf7-validates-as-email\" aria-required=\"true\" aria-invalid=\"false\" value=\"\" type=\"email\" name=\"your-email\" \/><\/span> <\/label>\n<\/p>\n<p><label> Betreff<br \/>\n<span class=\"wpcf7-form-control-wrap\" data-name=\"your-subject\"><input size=\"40\" maxlength=\"400\" class=\"wpcf7-form-control wpcf7-text\" aria-invalid=\"false\" value=\"\" type=\"text\" name=\"your-subject\" \/><\/span> <\/label>\n<\/p>\n<p><label> Ihre Nachricht<br \/>\n<span class=\"wpcf7-form-control-wrap\" data-name=\"your-message\"><textarea cols=\"40\" rows=\"10\" maxlength=\"2000\" class=\"wpcf7-form-control wpcf7-textarea\" aria-invalid=\"false\" name=\"your-message\"><\/textarea><\/span> <\/label>\n<\/p>\n<p><input class=\"wpcf7-form-control wpcf7-submit has-spinner\" type=\"submit\" value=\"Senden\" \/>\n<\/p><div class=\"wpcf7-response-output\" aria-hidden=\"true\"><\/div>\n<\/form>\n<\/div>\n\n<p><span style=\"border-radius: 2px; text-indent: 20px; width: auto; padding: 0px 4px 0px 0px; text-align: center; font: bold 11px\/20px 'Helvetica Neue',Helvetica,sans-serif; color: #ffffff; background: #bd081c no-repeat scroll 3px 50% \/ 14px 14px; position: absolute; opacity: 1; z-index: 8675309; display: none; cursor: pointer; top: 120px; left: 20px;\">Save<\/span><\/p>\n<p><span style=\"border-radius: 2px; text-indent: 20px; width: auto; padding: 0px 4px 0px 0px; text-align: center; font: bold 11px\/20px 'Helvetica Neue',Helvetica,sans-serif; color: #ffffff; background: #bd081c no-repeat scroll 3px 50% \/ 14px 14px; position: absolute; opacity: 1; z-index: 8675309; display: none; cursor: pointer; top: 270px; left: 20px;\">Save<\/span><\/p>\n<p><span style=\"border-radius: 2px; text-indent: 20px; width: auto; padding: 0px 4px 0px 0px; text-align: center; font: bold 11px\/20px 'Helvetica Neue',Helvetica,sans-serif; color: #ffffff; background: #bd081c no-repeat scroll 3px 50% \/ 14px 14px; position: absolute; opacity: 1; z-index: 8675309; display: none; cursor: pointer; top: 270px; left: 20px;\">Save<\/span><\/p>\n<p><span style=\"border-radius: 2px; text-indent: 20px; width: auto; padding: 0px 4px 0px 0px; text-align: center; font: bold 11px\/20px 'Helvetica Neue',Helvetica,sans-serif; color: #ffffff; background: #bd081c no-repeat scroll 3px 50% \/ 14px 14px; position: absolute; opacity: 1; z-index: 8675309; display: none; cursor: pointer; top: 270px; left: 20px;\">Save<\/span><\/p>\n<p><span style=\"border-radius: 2px; text-indent: 20px; width: auto; padding: 0px 4px 0px 0px; text-align: center; font: bold 11px\/20px 'Helvetica Neue',Helvetica,sans-serif; color: #ffffff; background: #bd081c no-repeat scroll 3px 50% \/ 14px 14px; position: absolute; opacity: 1; z-index: 8675309; display: none; cursor: pointer; top: 1191px; left: 20px;\">Save<\/span><\/p>\n<p><span style=\"border-radius: 2px; text-indent: 20px; width: auto; padding: 0px 4px 0px 0px; text-align: center; font: bold 11px\/20px 'Helvetica Neue',Helvetica,sans-serif; color: #ffffff; background: #bd081c no-repeat scroll 3px 50% \/ 14px 14px; position: absolute; opacity: 1; z-index: 8675309; display: none; cursor: pointer; top: 856px; left: 20px;\">Save<\/span><\/p>\n<p><span style=\"border-radius: 2px; text-indent: 20px; width: auto; padding: 0px 4px 0px 0px; text-align: center; font: bold 11px\/20px 'Helvetica Neue',Helvetica,sans-serif; color: #ffffff; background: #bd081c no-repeat scroll 3px 50% \/ 14px 14px; position: absolute; opacity: 1; z-index: 8675309; display: none; cursor: pointer; top: 1586px; left: 20px;\">Save<\/span><\/p>\n<p><span style=\"border-radius: 2px; text-indent: 20px; width: auto; padding: 0px 4px 0px 0px; text-align: center; font: bold 11px\/20px 'Helvetica Neue',Helvetica,sans-serif; color: #ffffff; background: #bd081c no-repeat scroll 3px 50% \/ 14px 14px; position: absolute; opacity: 1; z-index: 8675309; display: none; cursor: pointer;\">Save<\/span><\/p>\n<p>&nbsp;<\/p>\n","protected":false},"excerpt":{"rendered":"<p>Liebe Sportinteressierte, aktuell gibt es noch keinen neuen Termin f\u00fcr unseren Benefizmehrkampf. Wir w\u00fcrden uns \u00fcber Euer Interesse und Anregungen zur Fortf\u00fchrung sehr freuen. Nehmt mit uns Kontakt auf unter info@lions-eisenberg.de \u2026 eine Erfolgsgeschichte geht weiter ! 1996 gr\u00fcndete sich der Lionsclub unter dem Motto: \u201eWe serve \u2013 helft uns helfen\u201c. Wir f\u00f6rdern die Zusammenarbeit &hellip; <a href=\"http:\/\/www.lions-eisenberg.de\/?page_id=46\" class=\"more-link\"><span class=\"screen-reader-text\"><\/span> weiterlesen <span class=\"meta-nav\">&rarr;<\/span><\/a><\/p>\n","protected":false},"author":1,"featured_media":0,"parent":0,"menu_order":0,"comment_status":"closed","ping_status":"closed","template":"","meta":{"footnotes":""},"class_list":["post-46","page","type-page","status-publish","hentry"],"_links":{"self":[{"href":"http:\/\/www.lions-eisenberg.de\/index.php?rest_route=\/wp\/v2\/pages\/46","targetHints":{"allow":["GET"]}}],"collection":[{"href":"http:\/\/www.lions-eisenberg.de\/index.php?rest_route=\/wp\/v2\/pages"}],"about":[{"href":"http:\/\/www.lions-eisenberg.de\/index.php?rest_route=\/wp\/v2\/types\/page"}],"author":[{"embeddable":true,"href":"http:\/\/www.lions-eisenberg.de\/index.php?rest_route=\/wp\/v2\/users\/1"}],"replies":[{"embeddable":true,"href":"http:\/\/www.lions-eisenberg.de\/index.php?rest_route=%2Fwp%2Fv2%2Fcomments&post=46"}],"version-history":[{"count":94,"href":"http:\/\/www.lions-eisenberg.de\/index.php?rest_route=\/wp\/v2\/pages\/46\/revisions"}],"predecessor-version":[{"id":525,"href":"http:\/\/www.lions-eisenberg.de\/index.php?rest_route=\/wp\/v2\/pages\/46\/revisions\/525"}],"wp:attachment":[{"href":"http:\/\/www.lions-eisenberg.de\/index.php?rest_route=%2Fwp%2Fv2%2Fmedia&parent=46"}],"curies":[{"name":"wp","href":"https:\/\/api.w.org\/{rel}","templated":true}]}}