{"id":152,"date":"2017-09-28T12:01:16","date_gmt":"2017-09-28T12:01:16","guid":{"rendered":"http:\/\/lions.voigt-und-partner.de\/?page_id=152"},"modified":"2017-11-14T19:24:28","modified_gmt":"2017-11-14T19:24:28","slug":"organisationsaufbau","status":"publish","type":"page","link":"https:\/\/www.lions-eisenberg.de\/?page_id=152","title":{"rendered":"ORGANISATIONSAUFBAU"},"content":{"rendered":"<h2>Organisationsstruktur des Lions Club Eisenberg (LCE)<\/h2>\n<p>Jeder Lions Club hat einen Vorstand. Der Vorstand des LCE besteht aus dem Pr\u00e4sidenten, dem Vizepr\u00e4sidenten, dem Pastpr\u00e4sidenten, dem Sekret\u00e4r, dem Schatzmeister und dem Internetbeauftragten. Die Mitgliederversammlung w\u00e4hlt im Fr\u00fchjahr eines jeden Jahres den Vorstand f\u00fcr die Dauer eines Clubjahres sowie einen Rechnungspr\u00fcfer. Im Herbst eines jeden Jahres nimmt die Mitgliederversammlung den Jahresbericht des Pastpr\u00e4sidenten, die Jahresabrechnung des Schatzmeisters und den Bericht des Rechnungspr\u00fcfers f\u00fcr das abgelaufene Clubjahr entgegen. Die Mitgliederversammlung entscheidet \u00fcber die Entlastung des Vorstandes.<\/p>\n<h2>Clubleben<\/h2>\n<p>Zum Clubleben geh\u00f6ren neben den Activities und gesellschaftlichen Veranstaltungen auch Feiern, Ausfl\u00fcge und Besichtigungen mit Angeh\u00f6rigen, Freunden und G\u00e4sten.<\/p>\n","protected":false},"excerpt":{"rendered":"<p>Organisationsstruktur des Lions Club Eisenberg (LCE) Jeder Lions Club hat einen Vorstand. Der Vorstand des LCE besteht aus dem Pr\u00e4sidenten, dem Vizepr\u00e4sidenten, dem Pastpr\u00e4sidenten, dem Sekret\u00e4r, dem Schatzmeister und dem Internetbeauftragten. Die Mitgliederversammlung w\u00e4hlt im Fr\u00fchjahr eines jeden Jahres den Vorstand f\u00fcr die Dauer eines Clubjahres sowie einen Rechnungspr\u00fcfer. Im Herbst eines jeden Jahres nimmt &hellip; <a href=\"https:\/\/www.lions-eisenberg.de\/?page_id=152\" class=\"more-link\"><span class=\"screen-reader-text\">ORGANISATIONSAUFBAU<\/span> weiterlesen <span class=\"meta-nav\">&rarr;<\/span><\/a><\/p>\n","protected":false},"author":1,"featured_media":0,"parent":24,"menu_order":0,"comment_status":"closed","ping_status":"closed","template":"","meta":{"footnotes":""},"class_list":["post-152","page","type-page","status-publish","hentry"],"_links":{"self":[{"href":"https:\/\/www.lions-eisenberg.de\/index.php?rest_route=\/wp\/v2\/pages\/152","targetHints":{"allow":["GET"]}}],"collection":[{"href":"https:\/\/www.lions-eisenberg.de\/index.php?rest_route=\/wp\/v2\/pages"}],"about":[{"href":"https:\/\/www.lions-eisenberg.de\/index.php?rest_route=\/wp\/v2\/types\/page"}],"author":[{"embeddable":true,"href":"https:\/\/www.lions-eisenberg.de\/index.php?rest_route=\/wp\/v2\/users\/1"}],"replies":[{"embeddable":true,"href":"https:\/\/www.lions-eisenberg.de\/index.php?rest_route=%2Fwp%2Fv2%2Fcomments&post=152"}],"version-history":[{"count":3,"href":"https:\/\/www.lions-eisenberg.de\/index.php?rest_route=\/wp\/v2\/pages\/152\/revisions"}],"predecessor-version":[{"id":194,"href":"https:\/\/www.lions-eisenberg.de\/index.php?rest_route=\/wp\/v2\/pages\/152\/revisions\/194"}],"up":[{"embeddable":true,"href":"https:\/\/www.lions-eisenberg.de\/index.php?rest_route=\/wp\/v2\/pages\/24"}],"wp:attachment":[{"href":"https:\/\/www.lions-eisenberg.de\/index.php?rest_route=%2Fwp%2Fv2%2Fmedia&parent=152"}],"curies":[{"name":"wp","href":"https:\/\/api.w.org\/{rel}","templated":true}]}}