{"id":154,"date":"2017-09-28T12:01:58","date_gmt":"2017-09-28T12:01:58","guid":{"rendered":"http:\/\/lions.voigt-und-partner.de\/?page_id=154"},"modified":"2017-09-29T07:12:29","modified_gmt":"2017-09-29T07:12:29","slug":"mitgliedschaft","status":"publish","type":"page","link":"https:\/\/www.lions-eisenberg.de\/?page_id=154","title":{"rendered":"MITGLIEDSCHAFT"},"content":{"rendered":"<div>\n<div class=\"item-page\">\n<h3>Ethische Grunds\u00e4tze f\u00fcr Lions &#8211; Mitglieder<\/h3>\n<ul>\n<li>Ich werde das Ansehen meines Berufsstandes in meinem pers\u00f6nlichen aktiven Handeln f\u00f6rdern und so beachten, dass ich mit Recht in dem Ruf stehe, etwas geleistet zu haben.<\/li>\n<li>Ich will dabei erfolgreich sein und mich um den mir zustehenden angemessenen Gewinn bem\u00fchen. Dieses Ziel werde ich jedoch nicht zu Lasten meiner Selbstachtung durch Wahrnehmen eines unlauteren Vorteils oder fragw\u00fcrdiger Handlungen anstreben.<\/li>\n<li>Ich werde um des eigenen Vorteils willen nicht die Existenz eines anderen gef\u00e4hrden. Meinen Gesch\u00e4ftspartnern gegen\u00fcber will ich loyal sein und mir selbst treu bleiben.<\/li>\n<li>Wann immer ein Zweifel an der Korrektheit und moralischen Integrit\u00e4t meiner Einstellung oder meines Verhaltens gegen\u00fcber meinen Mitmenschen entsteht, werde ich mich selbstkritisch pr\u00fcfen.<\/li>\n<li>Ich betrachte die Freundschaft als Ziel, nicht als Mittel zum Zweck. Ich bin mir bewusst, dass wahre Freundschaft nicht erwiesener Dienste wegen besteht. Sie fordert nichts, nimmt jedoch Freundschaftsdienste im selben Geiste an, in dem sie geleistet wurden. Ich werde mir stets meiner Verpflichtungen als Staatsb\u00fcrger gegen\u00fcber meinem Land und der Gesellschaft bewusst bleiben und in Wort und Tat loyal zu ihnen stehen. Im Rahmen meiner M\u00f6glichkeiten werde ich sie mit pers\u00f6nlichem Engagement und finanziellen Mitteln bei der Erf\u00fcllung ihrer Aufgaben unterst\u00fctzen. Ich werde meinen Mitmenschen helfen, indem ich den Ungl\u00fccklichen mit Trost, den Schwachen mit Tatkraft und den Bed\u00fcrftigen mit meinen wirtschaftlichen Mitteln beistehe.<\/li>\n<li>Ich werde behutsam sein mit meiner Kritik und freigebig mit meinem Lob, ich will mich bem\u00fchen, aufzubauen und nicht zu verletzen.<\/li>\n<\/ul>\n<div>\n<h3>Mitgliedschaft<\/h3>\n<\/div>\n<p>Wenn Sie sich zu den Zielen und ethischen Grunds\u00e4tzen von Lions Clubs International bekennen, dann haben Sie schon einen gro\u00dfen Schritt in Richtung einer Mitgliedschaft getan.\u00a0 Lassen Sie es uns wissen, dass Sie eine Mitgliedschaft im Lions Club Eisenberg in Erw\u00e4gung ziehen. Sie erhalten dann von einem Clubmitglied eine Einladung zur Teilnahme an einigen Clubabenden. Nachdem wir Sie, und Sie uns kennen und sch\u00e4tzen gelernt haben, k\u00f6nnen Sie mit einem Mitgliedschaftsantrag das satzungsgem\u00e4\u00dfe Aufnahmeverfahren in Gang setzen. Ihr Aufnahmebegehren wird dann von allen aktiven Mitgliedern des Lions Clubs Eisenberg entschieden.<\/p>\n<\/div>\n<\/div>\n","protected":false},"excerpt":{"rendered":"<p>Ethische Grunds\u00e4tze f\u00fcr Lions &#8211; Mitglieder Ich werde das Ansehen meines Berufsstandes in meinem pers\u00f6nlichen aktiven Handeln f\u00f6rdern und so beachten, dass ich mit Recht in dem Ruf stehe, etwas geleistet zu haben. Ich will dabei erfolgreich sein und mich um den mir zustehenden angemessenen Gewinn bem\u00fchen. Dieses Ziel werde ich jedoch nicht zu Lasten &hellip; <a href=\"https:\/\/www.lions-eisenberg.de\/?page_id=154\" class=\"more-link\"><span class=\"screen-reader-text\">MITGLIEDSCHAFT<\/span> weiterlesen <span class=\"meta-nav\">&rarr;<\/span><\/a><\/p>\n","protected":false},"author":1,"featured_media":0,"parent":24,"menu_order":1,"comment_status":"closed","ping_status":"closed","template":"","meta":{"footnotes":""},"class_list":["post-154","page","type-page","status-publish","hentry"],"_links":{"self":[{"href":"https:\/\/www.lions-eisenberg.de\/index.php?rest_route=\/wp\/v2\/pages\/154","targetHints":{"allow":["GET"]}}],"collection":[{"href":"https:\/\/www.lions-eisenberg.de\/index.php?rest_route=\/wp\/v2\/pages"}],"about":[{"href":"https:\/\/www.lions-eisenberg.de\/index.php?rest_route=\/wp\/v2\/types\/page"}],"author":[{"embeddable":true,"href":"https:\/\/www.lions-eisenberg.de\/index.php?rest_route=\/wp\/v2\/users\/1"}],"replies":[{"embeddable":true,"href":"https:\/\/www.lions-eisenberg.de\/index.php?rest_route=%2Fwp%2Fv2%2Fcomments&post=154"}],"version-history":[{"count":2,"href":"https:\/\/www.lions-eisenberg.de\/index.php?rest_route=\/wp\/v2\/pages\/154\/revisions"}],"predecessor-version":[{"id":165,"href":"https:\/\/www.lions-eisenberg.de\/index.php?rest_route=\/wp\/v2\/pages\/154\/revisions\/165"}],"up":[{"embeddable":true,"href":"https:\/\/www.lions-eisenberg.de\/index.php?rest_route=\/wp\/v2\/pages\/24"}],"wp:attachment":[{"href":"https:\/\/www.lions-eisenberg.de\/index.php?rest_route=%2Fwp%2Fv2%2Fmedia&parent=154"}],"curies":[{"name":"wp","href":"https:\/\/api.w.org\/{rel}","templated":true}]}}