{"id":24,"date":"2017-09-22T10:34:56","date_gmt":"2017-09-22T10:34:56","guid":{"rendered":"http:\/\/lions.voigt-und-partner.de\/?page_id=24"},"modified":"2025-02-11T14:16:03","modified_gmt":"2025-02-11T14:16:03","slug":"der-club","status":"publish","type":"page","link":"https:\/\/www.lions-eisenberg.de\/?page_id=24","title":{"rendered":"DER CLUB"},"content":{"rendered":"<h2>Mitgliederverzeichnis<\/h2>\n<p>Frank Bache | Anja Preu\u00dfer | Detlev Dehne | Klaus-G\u00fcnther Doubek | Rene Fischer | Martin J\u00e4ckle | Lutz K\u00f6hler | Michael Kieslich | Dr. Klaus Sander | Jens Lenk | Helmut Pommer | Annegret Ulrich | Borghild Voigt | G\u00f6tz Witkop | Dr. Frank Wolfram<\/p>\n<p><a href=\"https:\/\/de-de.facebook.com\/pages\/Lions-Club-Eisenberg\/687754174697692\" target=\"_blank\" rel=\"noopener\"><img loading=\"lazy\" decoding=\"async\" class=\"alignnone wp-image-213\" src=\"http:\/\/lions.voigt-und-partner.de\/wp-content\/uploads\/2018\/01\/FB-FindUsOnFacebook-300x57.png\" alt=\"\" width=\"195\" height=\"37\" srcset=\"https:\/\/www.lions-eisenberg.de\/wp-content\/uploads\/2018\/01\/FB-FindUsOnFacebook-300x57.png 300w, https:\/\/www.lions-eisenberg.de\/wp-content\/uploads\/2018\/01\/FB-FindUsOnFacebook.png 500w\" sizes=\"auto, (max-width: 195px) 100vw, 195px\" \/><\/a><\/p>\n<h2>Spendenaktionen \/ Presse<\/h2>\n<p>Lions Club Eisenberg helfen am Ort und in der Region \u00fcberall dort, wo das soziale Netz ein Loch hat. Sie engagieren sich in Deutschland und international dort, wo staatliches Handeln endet.<br \/>\nLions ist die Abk\u00fcrzung der englischen Begriffe: \u201eLiberty, Intelligence, Our Nation\u2018s Safety\u201c. Zu deutsch interpretiert: \u201eFreiheit des Geistes und Weisheit des Handelns zum Wohlergehen der Gemeinschaft\u201c.<\/p>\n<p><strong>Aktionen des Eisenberger Lions Club:<\/strong><\/p>\n<ul>\n<li>Unterst\u00fctzung der Eisenberger Schulen<\/li>\n<li>Finanzierung der \u201eStolpersteine\u201c zum Gedenken an j\u00fcdische Mitb\u00fcrger der Stadt<\/li>\n<li>Finanzierung \u201eRestauration\u201c der T\u00fcr zur Eisenberger Schlosskirche<\/li>\n<li>Beteiligung an der Finanzierung zur Wiederherstellung des Dachreiters<br \/>\nder Stadtkirche \u201eSt. Peter\u201c<\/li>\n<li>Herstellung und Finanzierung der Glashaube f\u00fcr den Eisenberger Mohrenbrunnen (f\u00fcr die kalte Jahreszeit)<\/li>\n<li>Unterst\u00fctzung des Kinderschutzbundes Eisenberg<\/li>\n<li>Sammeln von Spendengeldern bei der Durchf\u00fchrung des j\u00e4hrlichen Lionsballs und des Nachtweihnachtsmarktes<\/li>\n<\/ul>\n<p><img loading=\"lazy\" decoding=\"async\" class=\"alignnone size-full wp-image-65\" src=\"http:\/\/lions.voigt-und-partner.de\/wp-content\/uploads\/2017\/09\/Der_club01.jpg\" alt=\"Lions Club Eisenberg\" width=\"800\" height=\"398\" srcset=\"https:\/\/www.lions-eisenberg.de\/wp-content\/uploads\/2017\/09\/Der_club01.jpg 800w, https:\/\/www.lions-eisenberg.de\/wp-content\/uploads\/2017\/09\/Der_club01-300x149.jpg 300w, https:\/\/www.lions-eisenberg.de\/wp-content\/uploads\/2017\/09\/Der_club01-768x382.jpg 768w\" sizes=\"auto, (max-width: 800px) 100vw, 800px\" \/><\/p>\n<p><span style=\"border-radius: 2px; text-indent: 20px; width: auto; padding: 0px 4px 0px 0px; text-align: center; font: bold 11px\/20px 'Helvetica Neue',Helvetica,sans-serif; color: #ffffff; background: #bd081c no-repeat scroll 3px 50% \/ 14px 14px; position: absolute; opacity: 1; z-index: 8675309; display: none; cursor: pointer;\">Save<\/span><\/p>\n<p><span style=\"border-radius: 2px; text-indent: 20px; width: auto; padding: 0px 4px 0px 0px; text-align: center; font: bold 11px\/20px 'Helvetica Neue',Helvetica,sans-serif; color: #ffffff; background: #bd081c no-repeat scroll 3px 50% \/ 14px 14px; position: absolute; opacity: 1; z-index: 8675309; display: none; cursor: pointer; top: 735px; left: 20px;\">Save<\/span><\/p>\n","protected":false},"excerpt":{"rendered":"<p>Mitgliederverzeichnis Frank Bache | Anja Preu\u00dfer | Detlev Dehne | Klaus-G\u00fcnther Doubek | Rene Fischer | Martin J\u00e4ckle | Lutz K\u00f6hler | Michael Kieslich | Dr. Klaus Sander | Jens Lenk | Helmut Pommer | Annegret Ulrich | Borghild Voigt | G\u00f6tz Witkop | Dr. Frank Wolfram Spendenaktionen \/ Presse Lions Club Eisenberg helfen am &hellip; <a href=\"https:\/\/www.lions-eisenberg.de\/?page_id=24\" class=\"more-link\"><span class=\"screen-reader-text\">DER CLUB<\/span> weiterlesen <span class=\"meta-nav\">&rarr;<\/span><\/a><\/p>\n","protected":false},"author":1,"featured_media":0,"parent":0,"menu_order":0,"comment_status":"closed","ping_status":"closed","template":"","meta":{"footnotes":""},"class_list":["post-24","page","type-page","status-publish","hentry"],"_links":{"self":[{"href":"https:\/\/www.lions-eisenberg.de\/index.php?rest_route=\/wp\/v2\/pages\/24","targetHints":{"allow":["GET"]}}],"collection":[{"href":"https:\/\/www.lions-eisenberg.de\/index.php?rest_route=\/wp\/v2\/pages"}],"about":[{"href":"https:\/\/www.lions-eisenberg.de\/index.php?rest_route=\/wp\/v2\/types\/page"}],"author":[{"embeddable":true,"href":"https:\/\/www.lions-eisenberg.de\/index.php?rest_route=\/wp\/v2\/users\/1"}],"replies":[{"embeddable":true,"href":"https:\/\/www.lions-eisenberg.de\/index.php?rest_route=%2Fwp%2Fv2%2Fcomments&post=24"}],"version-history":[{"count":12,"href":"https:\/\/www.lions-eisenberg.de\/index.php?rest_route=\/wp\/v2\/pages\/24\/revisions"}],"predecessor-version":[{"id":548,"href":"https:\/\/www.lions-eisenberg.de\/index.php?rest_route=\/wp\/v2\/pages\/24\/revisions\/548"}],"wp:attachment":[{"href":"https:\/\/www.lions-eisenberg.de\/index.php?rest_route=%2Fwp%2Fv2%2Fmedia&parent=24"}],"curies":[{"name":"wp","href":"https:\/\/api.w.org\/{rel}","templated":true}]}}